{"id":517,"date":"2015-08-04T21:19:53","date_gmt":"2015-08-04T19:19:53","guid":{"rendered":"http:\/\/www.cas.lu\/wpress_cas\/?page_id=517"},"modified":"2019-08-19T22:24:04","modified_gmt":"2019-08-19T20:24:04","slug":"tombola-meeting-international-2018","status":"publish","type":"page","link":"http:\/\/www.cas.lu\/wpress_cas\/tombola-meeting-international-2018\/","title":{"rendered":"Tombola Meeting International 2019"},"content":{"rendered":"<p>Hei sinn d&#8217;Gew\u00ebnner vun eiser Tombola vum Meeting International 2019:<\/p>\n<div><strong>1057<\/strong><\/div>\n<div><strong>360<\/strong><\/div>\n<div><strong>1269<\/strong><\/div>\n<div><strong>1318<\/strong><\/div>\n<div><strong>359<\/strong><\/div>\n<div><strong>318<\/strong><\/div>\n<div><strong>306<\/strong><\/div>\n<div><strong>1001<\/strong><\/div>\n<div><strong>536<\/strong><\/div>\n<div><strong>20<\/strong><\/div>\n<p>&nbsp;<\/p>\n<div>D&#8217;Gew\u00ebnner k\u00ebnnen s\u00ebch beim Pierre Hensgen \u00ebnnert der Nummer 691570695 oder per email \u00ebnnert der Address <a href=\"mailto:phensgen@pt.lu\">phensgen@pt.lu<\/a> mellen.<\/div>\n<p>&nbsp;<\/p>\n","protected":false},"excerpt":{"rendered":"<p>Hei sinn d&#8217;Gew\u00ebnner vun eiser Tombola vum Meeting International 2019: 1057 360 1269 1318 359 318 306 1001 536 20 &nbsp; D&#8217;Gew\u00ebnner k\u00ebnnen s\u00ebch beim Pierre Hensgen \u00ebnnert der Nummer 691570695 oder per email \u00ebnnert der Address phensgen@pt.lu mellen. &nbsp;<\/p>\n","protected":false},"author":1,"featured_media":0,"parent":0,"menu_order":0,"comment_status":"closed","ping_status":"closed","template":"","meta":{"footnotes":""},"class_list":["post-517","page","type-page","status-publish"],"_links":{"self":[{"href":"http:\/\/www.cas.lu\/wpress_cas\/wp-json\/wp\/v2\/pages\/517","targetHints":{"allow":["GET"]}}],"collection":[{"href":"http:\/\/www.cas.lu\/wpress_cas\/wp-json\/wp\/v2\/pages"}],"about":[{"href":"http:\/\/www.cas.lu\/wpress_cas\/wp-json\/wp\/v2\/types\/page"}],"author":[{"embeddable":true,"href":"http:\/\/www.cas.lu\/wpress_cas\/wp-json\/wp\/v2\/users\/1"}],"replies":[{"embeddable":true,"href":"http:\/\/www.cas.lu\/wpress_cas\/wp-json\/wp\/v2\/comments?post=517"}],"version-history":[{"count":14,"href":"http:\/\/www.cas.lu\/wpress_cas\/wp-json\/wp\/v2\/pages\/517\/revisions"}],"predecessor-version":[{"id":1296,"href":"http:\/\/www.cas.lu\/wpress_cas\/wp-json\/wp\/v2\/pages\/517\/revisions\/1296"}],"wp:attachment":[{"href":"http:\/\/www.cas.lu\/wpress_cas\/wp-json\/wp\/v2\/media?parent=517"}],"curies":[{"name":"wp","href":"https:\/\/api.w.org\/{rel}","templated":true}]}}